{"id":1079,"date":"2024-06-28T12:51:43","date_gmt":"2024-06-28T16:51:43","guid":{"rendered":"https:\/\/bleucocoon.com\/?page_id=1079"},"modified":"2024-07-04T14:14:31","modified_gmt":"2024-07-04T18:14:31","slug":"lien-2","status":"publish","type":"page","link":"https:\/\/bleucocoon.com\/?page_id=1079","title":{"rendered":"So what"},"content":{"rendered":"<p>[et_pb_section fb_built=\u00a0\u00bb1&Prime; _builder_version=\u00a0\u00bb4.25.2&Prime; _module_preset=\u00a0\u00bbdefault\u00a0\u00bb background_color=\u00a0\u00bb#cce9f3&Prime; global_colors_info=\u00a0\u00bb{}\u00a0\u00bb][et_pb_row _builder_version=\u00a0\u00bb4.25.2&Prime; _module_preset=\u00a0\u00bbdefault\u00a0\u00bb global_colors_info=\u00a0\u00bb{}\u00a0\u00bb][et_pb_column type=\u00a0\u00bb4_4&Prime; _builder_version=\u00a0\u00bb4.25.2&Prime; _module_preset=\u00a0\u00bbdefault\u00a0\u00bb global_colors_info=\u00a0\u00bb{}\u00a0\u00bb][et_pb_text _builder_version=\u00a0\u00bb4.26.0&Prime; _module_preset=\u00a0\u00bbdefault\u00a0\u00bb header_font=\u00a0\u00bb|800|||||||\u00a0\u00bb header_text_align=\u00a0\u00bbcenter\u00a0\u00bb header_font_size=\u00a0\u00bb70px\u00a0\u00bb header_line_height=\u00a0\u00bb1.6em\u00a0\u00bb header_2_font=\u00a0\u00bb&#8211;et_global_body_font|600|||||||\u00a0\u00bb header_2_text_align=\u00a0\u00bbcenter\u00a0\u00bb header_2_font_size=\u00a0\u00bb30px\u00a0\u00bb header_2_line_height=\u00a0\u00bb1.4em\u00a0\u00bb header_3_text_align=\u00a0\u00bbcenter\u00a0\u00bb header_3_font_size=\u00a0\u00bb35px\u00a0\u00bb hover_enabled=\u00a0\u00bb0&Prime; header_font_size_tablet=\u00a0\u00bb70px\u00a0\u00bb header_font_size_phone=\u00a0\u00bb45px\u00a0\u00bb header_font_size_last_edited=\u00a0\u00bbon|phone\u00a0\u00bb header_2_font_size_tablet=\u00a0\u00bb30px\u00a0\u00bb header_2_font_size_phone=\u00a0\u00bb25px\u00a0\u00bb header_2_font_size_last_edited=\u00a0\u00bbon|desktop\u00a0\u00bb global_colors_info=\u00a0\u00bb{}\u00a0\u00bb locked=\u00a0\u00bboff\u00a0\u00bb sticky_enabled=\u00a0\u00bb0&Prime;]<\/p>\n<h1><span style=\"color: #3063b5;\">SO WHAT!<\/span><\/h1>\n<h4 style=\"text-align: center;\"><span style=\"color: #3063b5;\">Racontez-nous un touchant et glorieux moment qui vous a inond\u00e9 de joie, de dignit\u00e9, de fiert\u00e9 et de confiance en la Vie gr\u00e2ce \u00e0 votre enfant TRISOMIE 21, un grand moment que vous savez que vous n\u2019auriez jamais connu si cette fille ou ce gar\u00e7on que vous aimez tant n\u2019avait pas \u00e9t\u00e9 TRISOMIE 21. Autrement dit, confirmez-nous que gr\u00e2ce au CADEAU MAL EMBALL\u00c9 que la Vie vous a confi\u00e9, vous savez comment FAIRE D\u2019UN GRAND MALHEUR UN GRAND BONHEUR.<\/span><\/h4>\n<p style=\"text-align: center;\"><span style=\"color: #3063b5;\">Nil Parent<\/span><\/p>\n<p>[\/et_pb_text][\/et_pb_column][\/et_pb_row][\/et_pb_section]<\/p>\n","protected":false},"excerpt":{"rendered":"<p>SO WHAT! Racontez-nous un touchant et glorieux moment qui vous a inond\u00e9 de joie, de dignit\u00e9, de fiert\u00e9 et de confiance en la Vie gr\u00e2ce \u00e0 votre enfant TRISOMIE 21, un grand moment que vous savez que vous n\u2019auriez jamais connu si cette fille ou ce gar\u00e7on que vous aimez tant n\u2019avait pas \u00e9t\u00e9 TRISOMIE [&hellip;]<\/p>\n","protected":false},"author":2,"featured_media":0,"parent":0,"menu_order":0,"comment_status":"closed","ping_status":"closed","template":"","meta":{"_et_pb_use_builder":"on","_et_pb_old_content":"","_et_gb_content_width":"","footnotes":""},"class_list":["post-1079","page","type-page","status-publish","hentry"],"aioseo_notices":[],"_links":{"self":[{"href":"https:\/\/bleucocoon.com\/index.php?rest_route=\/wp\/v2\/pages\/1079","targetHints":{"allow":["GET"]}}],"collection":[{"href":"https:\/\/bleucocoon.com\/index.php?rest_route=\/wp\/v2\/pages"}],"about":[{"href":"https:\/\/bleucocoon.com\/index.php?rest_route=\/wp\/v2\/types\/page"}],"author":[{"embeddable":true,"href":"https:\/\/bleucocoon.com\/index.php?rest_route=\/wp\/v2\/users\/2"}],"replies":[{"embeddable":true,"href":"https:\/\/bleucocoon.com\/index.php?rest_route=%2Fwp%2Fv2%2Fcomments&post=1079"}],"version-history":[{"count":4,"href":"https:\/\/bleucocoon.com\/index.php?rest_route=\/wp\/v2\/pages\/1079\/revisions"}],"predecessor-version":[{"id":1107,"href":"https:\/\/bleucocoon.com\/index.php?rest_route=\/wp\/v2\/pages\/1079\/revisions\/1107"}],"wp:attachment":[{"href":"https:\/\/bleucocoon.com\/index.php?rest_route=%2Fwp%2Fv2%2Fmedia&parent=1079"}],"curies":[{"name":"wp","href":"https:\/\/api.w.org\/{rel}","templated":true}]}}